{"id":15592,"date":"2024-04-19T12:46:24","date_gmt":"2024-04-19T12:46:24","guid":{"rendered":"https:\/\/aimdoll.com\/?page_id=15592"},"modified":"2024-04-24T12:42:10","modified_gmt":"2024-04-24T12:42:10","slug":"about-us","status":"publish","type":"page","link":"https:\/\/bratdoll.com\/hr\/o-nama\/","title":{"rendered":"O nama"},"content":{"rendered":"<div data-elementor-type=\"wp-page\" data-elementor-id=\"15592\" class=\"elementor elementor-15592\" data-elementor-post-type=\"page\">\n\t\t\t\t\t\t<section class=\"wd-negative-gap elementor-section elementor-top-section elementor-element elementor-element-63ccb5ca space-xlg elementor-section-boxed elementor-section-height-default elementor-section-height-default\" data-id=\"63ccb5ca\" data-element_type=\"section\">\n\t\t\t\t\t\t<div class=\"elementor-container elementor-column-gap-default\">\n\t\t\t\t\t<div class=\"elementor-column elementor-col-100 elementor-top-column elementor-element elementor-element-7328e9f9\" data-id=\"7328e9f9\" data-element_type=\"column\">\n\t\t\t<div class=\"elementor-widget-wrap elementor-element-populated\">\n\t\t\t\t\t\t<div class=\"elementor-element elementor-element-65436a36 m-t-n-xs mb-5 elementor-widget elementor-widget-heading\" data-id=\"65436a36\" data-element_type=\"widget\" data-widget_type=\"heading.default\">\n\t\t\t\t<div class=\"elementor-widget-container\">\n\t\t\t<style>\/*! elementor - v3.21.0 - 15-04-2024 *\/\n.elementor-heading-title{padding:0;margin:0;line-height:1}.elementor-widget-heading .elementor-heading-title[class*=elementor-size-]>a{color:inherit;font-size:inherit;line-height:inherit}.elementor-widget-heading .elementor-heading-title.elementor-size-small{font-size:15px}.elementor-widget-heading .elementor-heading-title.elementor-size-medium{font-size:19px}.elementor-widget-heading .elementor-heading-title.elementor-size-large{font-size:29px}.elementor-widget-heading .elementor-heading-title.elementor-size-xl{font-size:39px}.elementor-widget-heading .elementor-heading-title.elementor-size-xxl{font-size:59px}<\/style><h2 class=\"elementor-heading-title elementor-size-default\">O AINODOLL<\/h2>\t\t<\/div>\n\t\t\t\t<\/div>\n\t\t\t\t<div class=\"elementor-element elementor-element-596e654d mb-4 elementor-widget elementor-widget-heading\" data-id=\"596e654d\" data-element_type=\"widget\" data-widget_type=\"heading.default\">\n\t\t\t\t<div class=\"elementor-widget-container\">\n\t\t\t<h3 class=\"elementor-heading-title elementor-size-default\">Tko smo mi<\/h3>\t\t<\/div>\n\t\t\t\t<\/div>\n\t\t\t\t<section class=\"elementor-section elementor-inner-section elementor-element elementor-element-7fd9f02d elementor-section-full_width elementor-section-height-default elementor-section-height-default\" data-id=\"7fd9f02d\" data-element_type=\"section\">\n\t\t\t\t\t\t<div class=\"elementor-container elementor-column-gap-default\">\n\t\t\t\t\t<div class=\"elementor-column elementor-col-100 elementor-inner-column elementor-element elementor-element-6e5a7277\" data-id=\"6e5a7277\" data-element_type=\"column\">\n\t\t\t<div class=\"elementor-widget-wrap elementor-element-populated\">\n\t\t\t\t\t\t<div class=\"elementor-element elementor-element-4f47d2b8 color-scheme-inherit text-left elementor-widget elementor-widget-text-editor\" data-id=\"4f47d2b8\" data-element_type=\"widget\" data-widget_type=\"text-editor.default\">\n\t\t\t\t<div class=\"elementor-widget-container\">\n\t\t\t<style>\/*! elementor - v3.21.0 - 15-04-2024 *\/\n.elementor-widget-text-editor.elementor-drop-cap-view-stacked .elementor-drop-cap{background-color:#69727d;color:#fff}.elementor-widget-text-editor.elementor-drop-cap-view-framed .elementor-drop-cap{color:#69727d;border:3px solid;background-color:transparent}.elementor-widget-text-editor:not(.elementor-drop-cap-view-default) .elementor-drop-cap{margin-top:8px}.elementor-widget-text-editor:not(.elementor-drop-cap-view-default) .elementor-drop-cap-letter{width:1em;height:1em}.elementor-widget-text-editor .elementor-drop-cap{float:left;text-align:center;line-height:1;font-size:50px}.elementor-widget-text-editor .elementor-drop-cap-letter{display:inline-block}<\/style>\t\t\t\t<p>Ainodoll.com je slu\u017ebena web stranica mini seks lutaka. Mi smo Sex Dolls Team iz Kine i imamo 6 godina iskustva u prodaji seks lutaka online. Trenutno se na\u0161e mini seks lutke uglavnom prodaju u Sjevernoj Americi, Europi, Japanu i Australiji.<\/p>\t\t\t\t\t\t<\/div>\n\t\t\t\t<\/div>\n\t\t\t\t\t<\/div>\n\t\t<\/div>\n\t\t\t\t\t<\/div>\n\t\t<\/section>\n\t\t\t\t<div class=\"elementor-element elementor-element-1a33b11d m-b-xl elementor-widget elementor-widget-heading\" data-id=\"1a33b11d\" data-element_type=\"widget\" data-widget_type=\"heading.default\">\n\t\t\t\t<div class=\"elementor-widget-container\">\n\t\t\t<h2 class=\"elementor-heading-title elementor-size-default\">Za\u0161to odabrati nas<\/h2>\t\t<\/div>\n\t\t\t\t<\/div>\n\t\t\t\t<section class=\"elementor-section elementor-inner-section elementor-element elementor-element-404f4648 elementor-section-full_width mb-4 pb-1 elementor-section-height-default elementor-section-height-default\" data-id=\"404f4648\" data-element_type=\"section\">\n\t\t\t\t\t\t<div class=\"elementor-container elementor-column-gap-default\">\n\t\t\t\t\t<div class=\"elementor-column elementor-col-100 elementor-inner-column elementor-element elementor-element-6a15efb2\" data-id=\"6a15efb2\" data-element_type=\"column\">\n\t\t\t<div class=\"elementor-widget-wrap elementor-element-populated\">\n\t\t\t\t\t\t<div class=\"elementor-element elementor-element-f38a1ea color-scheme-inherit text-left elementor-widget elementor-widget-text-editor\" data-id=\"f38a1ea\" data-element_type=\"widget\" data-widget_type=\"text-editor.default\">\n\t\t\t\t<div class=\"elementor-widget-container\">\n\t\t\t\t\t\t\t<h5>*100% Autenti\u010dne, certificirane originalne tvorni\u010dke seks lutke<\/h5><p>Kao profesionalni dobavlja\u010d mini lutaka za seks, nudimo samo visokokvalitetne proizvode za lutke i sura\u0111ujemo s proizvo\u0111a\u010dima koji zadovoljavaju na\u0161e specifikacije kvalitete, kao \u0161to su WM lutke, Irontech lutke\uff0c6Ye lutke itd.<br \/>Znamo \u0161to \u017eelite kada kupujete kvalitetnu lutku za seks i imamo izbor realisti\u010dnih lutki za seks samo za vas. Na\u0161e lutke rezultat su preciznog dizajna koji ih \u010dini uzbudljivim i poticajnim za kori\u0161tenje. Na\u0161e ljubavne lutke ru\u010dno su izradili profesionalci koji su ulo\u017eili puno vremena kako bi istakli svaki detalj. U ainodollu smo ponosni na na\u0161u pa\u017enju posve\u0107enu detaljima i kvaliteti proizvoda i stoga jam\u010dimo zadovoljstvo na\u0161ih kupaca.<\/p><h5>*Ogromna kolekcija lutaka (2000+ mini lutaka)<\/h5><p>Na\u0161a tvornica lutaka razvija nove modele kako bi svaki tjedan dodala nove ljubavne lutke. S toliko mnogo stilova tijela i glava koje mo\u017eete izabrati, sve je mogu\u0107e! Od velikih, rasko\u0161nih manekenki do mr\u0161avih i okretnih beba, svaki ukus se mo\u017ee zadovoljiti. To uklju\u010duje i neke od na\u0161ih ljubitelja egzotike, uklju\u010duju\u0107i vilenja\u010dke ljepotice i bucmaste mame. Uz izmjenjive glave, nikad nije bilo lak\u0161e pomije\u0161ati stvari i isprobati ne\u0161to novo!<\/p><h5>*Sigurno pla\u0107anje<\/h5><p>Na\u0161a je web stranica \u0161ifrirana SSL-om, a tako\u0111er koristimo PayPal kako bismo jam\u010dili va\u0161u privatnost i sigurnost. Ne\u0107emo obraditi va\u0161u narud\u017ebu dok ne potvrdimo da su va\u0161i podaci o pla\u0107anju ispravni. Sve na\u0161e bankovne transakcije, sve isporu\u010dene, ne temelje se na prirodi proizvoda. Predani smo pru\u017eanju najvi\u0161e razine privatnosti i nikada ne\u0107emo otkriti va\u0161e osobne podatke tre\u0107im stranama. Za vi\u0161e informacija o pla\u0107anju provjerite stranicu vodi\u010da za pla\u0107anje.<\/p><h5>*Pristupa\u010dna i po\u0161tena cijena<\/h5><p>Kada kupujete lutke za seks na ainodoll.com, uvijek mo\u017eete biti sigurni da \u0107ete prona\u0107i ne\u0161to unutar svog bud\u017eeta. Na\u0161 asortiman luksuznih seks lutaka ima razumnu cijenu. Cilj nam je pru\u017eiti vam seks lutku koja vam izvrsno slu\u017ei i koja vam je nadohvat ruke.<\/p><h5>*Nema prijevare i jamstvo zadovoljstva kupnjom<\/h5>\t\t\t\t\t\t<\/div>\n\t\t\t\t<\/div>\n\t\t\t\t\t<\/div>\n\t\t<\/div>\n\t\t\t\t\t<\/div>\n\t\t<\/section>\n\t\t\t\t<section class=\"elementor-section elementor-inner-section elementor-element elementor-element-47670a94 elementor-section-full_width elementor-section-height-default elementor-section-height-default\" data-id=\"47670a94\" data-element_type=\"section\">\n\t\t\t\t\t\t<div class=\"elementor-container elementor-column-gap-default\">\n\t\t\t\t\t<div class=\"elementor-column elementor-col-100 elementor-inner-column elementor-element elementor-element-37e64a0a\" data-id=\"37e64a0a\" data-element_type=\"column\">\n\t\t\t<div class=\"elementor-widget-wrap elementor-element-populated\">\n\t\t\t\t\t\t<div class=\"elementor-element elementor-element-1012628c color-scheme-inherit text-left elementor-widget elementor-widget-text-editor\" data-id=\"1012628c\" data-element_type=\"widget\" data-widget_type=\"text-editor.default\">\n\t\t\t\t<div class=\"elementor-widget-container\">\n\t\t\t\t\t\t\t<p>Ne nudimo nikakve la\u017eno reklamirane proizvode, iskreno se odnosimo i pozdravljamo svakog kupca koji voli seks lutke.<\/p><p>Tako\u0111er, naporno radimo kako bismo bili sigurni da \u0107ete dobiti najbolju mogu\u0107u dostupnu seks lutku. Vizualno pregledavamo svaku pojedinu lutku od glave do pete prije nego \u0161to joj damo odobrenje da vam se vrati ku\u0107i. Ne odlazi dok ne umre. Mo\u017eemo \u010dak osigurati da male stvari koje ste mo\u017eda posebno zahtijevali budu zbrinute prema va\u0161im specifikacijama.<\/p><p>Ako postoji bilo kakva pogre\u0161ka s va\u0161om narud\u017ebom (defekti ili pogre\u0161na isporuka) po primitku va\u0161e lutke, mi \u0107emo je popraviti ili zamijeniti. Za vi\u0161e informacija provjerite stranicu Pravila povrata.<\/p>\t\t\t\t\t\t<\/div>\n\t\t\t\t<\/div>\n\t\t\t\t\t<\/div>\n\t\t<\/div>\n\t\t\t\t\t<\/div>\n\t\t<\/section>\n\t\t\t\t\t<\/div>\n\t\t<\/div>\n\t\t\t\t\t<\/div>\n\t\t<\/section>\n\t\t\t\t<\/div>","protected":false},"excerpt":{"rendered":"<p>O AINODOLL-u Tko smo mi Ainodoll.com je slu\u017ebena web stranica mini seks lutaka. Mi smo Sex Dolls Team<\/p>","protected":false},"author":1,"featured_media":0,"parent":0,"menu_order":0,"comment_status":"closed","ping_status":"closed","template":"","meta":{"footnotes":""},"aioseo_notices":[],"_links":{"self":[{"href":"https:\/\/bratdoll.com\/hr\/wp-json\/wp\/v2\/pages\/15592"}],"collection":[{"href":"https:\/\/bratdoll.com\/hr\/wp-json\/wp\/v2\/pages"}],"about":[{"href":"https:\/\/bratdoll.com\/hr\/wp-json\/wp\/v2\/types\/page"}],"author":[{"embeddable":true,"href":"https:\/\/bratdoll.com\/hr\/wp-json\/wp\/v2\/users\/1"}],"replies":[{"embeddable":true,"href":"https:\/\/bratdoll.com\/hr\/wp-json\/wp\/v2\/comments?post=15592"}],"version-history":[{"count":9,"href":"https:\/\/bratdoll.com\/hr\/wp-json\/wp\/v2\/pages\/15592\/revisions"}],"predecessor-version":[{"id":21455,"href":"https:\/\/bratdoll.com\/hr\/wp-json\/wp\/v2\/pages\/15592\/revisions\/21455"}],"wp:attachment":[{"href":"https:\/\/bratdoll.com\/hr\/wp-json\/wp\/v2\/media?parent=15592"}],"curies":[{"name":"wp","href":"https:\/\/api.w.org\/{rel}","templated":true}]}}