{"id":20099,"date":"2024-04-22T12:30:28","date_gmt":"2024-04-22T12:30:28","guid":{"rendered":"https:\/\/aimdoll.com\/product\/petite-teen-foruum-japanese-child-robot-teen-sex-doll\/"},"modified":"2024-05-14T08:27:16","modified_gmt":"2024-05-14T08:27:16","slug":"petite-teen-foruum-japanese-child-robot-teen-sex-doll","status":"publish","type":"product","link":"https:\/\/bratdoll.com\/hr\/product\/petite-teen-forumuum-japansko-dijete-robot-teen-sex-lutka\/","title":{"rendered":"Petite teen forumum Japansko dijete robot tinejd\u017eerska seks lutka"},"content":{"rendered":"<p>Ova prava lutka za seks od 75 cm odli\u010dan je dodatak svakoj spava\u0107oj sobi. Zahvaljuju\u0107i lijepom seksi reassociate dizajnu koji privla\u010di poglede. Ova seks lutka od 100 cm izgleda tako da po\u017eelite seks s mini lutkom. Osim tako privla\u010dnog i poticajnog izgleda. Ova stra\u017enja fotografija na sexdollsonline.com prava lutka se tako\u0111er \u010dini stvarnom. To zna\u010di da svaki centimetar ove dje\u010dje robotske seks lutke izgleda ba\u0161 onako kako bi trebalo biti pravo \u017eivo ljudsko tijelo. To zna\u010di da \u0107ete dobiti meke i podatne obline. Osim uskog, rebrastog i mesnatog vaginalnog otvora.<\/p>\n<p>Nadalje, ova japanska dje\u010dja seks lutka 9gag lutka vrlo je izdr\u017eljiva. To zna\u010di da mo\u017eete o\u010dekivati bezbrojne intenzivne runde seksa. S ovom silikonskom seks lutkom lutka s ravnim prsima. Va\u0161e seksualno zadovoljstvo udaljeno je samo jedan klik.<\/p>\n<p>\u0160tovi\u0161e, poput premium f cup teen sex lutke. Ova mala tinejd\u017eerska seks lutka ravnih prsa ima \u017eivopisne razine realisti\u010dnih detalja. Dakle, mo\u017eete u\u017eivati u svakom trenutku s realisti\u010dnom seks lutkom od 100 cm.<\/p>\n<p>&nbsp;<\/p>\n\t\t<div data-elementor-type=\"section\" data-elementor-id=\"15956\" class=\"elementor elementor-15956\" data-elementor-post-type=\"elementor_library\">\n\t\t\t<div class=\"wd-negative-gap elementor-element elementor-element-e744d45 e-flex e-con-boxed e-con e-parent\" data-id=\"e744d45\" data-element_type=\"container\">\n\t\t\t\t\t<div class=\"e-con-inner\">\n\t\t<div class=\"wd-negative-gap elementor-element elementor-element-2abc4734 e-flex e-con-boxed e-con e-child\" data-id=\"2abc4734\" data-element_type=\"container\">\n\t\t\t\t\t<div class=\"e-con-inner\">\n\t\t<div class=\"wd-negative-gap elementor-element elementor-element-e4e90d0 e-flex e-con-boxed e-con e-child\" data-id=\"e4e90d0\" data-element_type=\"container\">\n\t\t\t\t\t<div class=\"e-con-inner\">\n\t\t\t\t<div class=\"elementor-element elementor-element-2191b1a4 elementor-cta--skin-cover elementor-animated-content elementor-bg-transform elementor-bg-transform-zoom-in elementor-widget elementor-widget-call-to-action\" data-id=\"2191b1a4\" data-element_type=\"widget\" data-widget_type=\"call-to-action.default\">\n\t\t\t\t<div class=\"elementor-widget-container\">\n\t\t\t\t\t<a class=\"elementor-cta\" href=\"https:\/\/bratdoll.com\/hr\/slike-seks-lutaka\/\">\n\t\t\t\t\t<div class=\"elementor-cta__bg-wrapper\">\n\t\t\t\t<div class=\"elementor-cta__bg elementor-bg\" style=\"background-image: url(https:\/\/bratdoll.com\/wp-content\/uploads\/2024\/04\/redirect.jpg);\" role=\"img\" aria-label=\"preusmjeriti\"><\/div>\n\t\t\t\t<div class=\"elementor-cta__bg-overlay\"><\/div>\n\t\t\t<\/div>\n\t\t\t\t\t\t\t<div class=\"elementor-cta__content\">\n\t\t\t\t\n\t\t\t\t\t\t\t\t\t<h2 class=\"elementor-cta__title elementor-cta__content-item elementor-content-item elementor-animated-item--grow\">\n\t\t\t\t\t\t2500+ malih mini seks lutaka <\/br>sexdollxxx .com\t\t\t\t\t<\/h2>\n\t\t\t\t\n\t\t\t\t\t\t\t\t\t<div class=\"elementor-cta__description elementor-cta__content-item elementor-content-item elementor-animated-item--grow\">\n\t\t\t\t\t\t40cm, 60cm, 80cm, 100cm, 120cm, 140cm\t\t\t\t\t<\/div>\n\t\t\t\t\n\t\t\t\t\t\t\t\t\t<div class=\"elementor-cta__button-wrapper elementor-cta__content-item elementor-content-item elementor-animated-item--grow\">\n\t\t\t\t\t<span class=\"elementor-cta__button elementor-button elementor-size-md\">\n\t\t\t\t\t\tKupite sada\t\t\t\t\t<\/span>\n\t\t\t\t\t<\/div>\n\t\t\t\t\t\t\t<\/div>\n\t\t\t\t\t\t<\/a>\n\t\t\t\t<\/div>\n\t\t\t\t<\/div>\n\t\t\t\t\t<\/div>\n\t\t\t\t<\/div>\n\t\t\t\t\t<\/div>\n\t\t\t\t<\/div>\n\t\t\t\t\t<\/div>\n\t\t\t\t<\/div>\n\t\t\t\t<\/div>","protected":false},"excerpt":{"rendered":"<div data-elementor-type=\"section\" data-elementor-id=\"15952\" class=\"elementor elementor-15952\" data-elementor-post-type=\"elementor_library\">\n<div class=\"wd-negative-gap elementor-element elementor-element-49f97e26 e-flex e-con-boxed e-con e-parent\" data-id=\"49f97e26\" data-element_type=\"container\">\n<div class=\"e-con-inner\">\n<div class=\"wd-negative-gap elementor-element elementor-element-449b9556 e-flex e-con-boxed e-con e-child\" data-id=\"449b9556\" data-element_type=\"container\">\n<div class=\"e-con-inner\">\n<div class=\"elementor-element elementor-element-613a7c10 elementor-cta--skin-cover elementor-animated-content elementor-bg-transform elementor-bg-transform-zoom-in elementor-widget elementor-widget-call-to-action\" data-id=\"613a7c10\" data-element_type=\"widget\" data-widget_type=\"call-to-action.default\">\n<div class=\"elementor-widget-container\">\n\t\t\t<link rel=\"stylesheet\" href=\"https:\/\/bratdoll.com\/wp-content\/uploads\/elementor\/css\/custom-pro-widget-call-to-action.min.css?ver=1716435301\">\t\t<a class=\"elementor-cta\" href=\"https:\/\/bratdoll.com\/hr\/slike-seks-lutaka\/\"><\/p>\n<div class=\"elementor-cta__bg-wrapper\">\n<div class=\"elementor-cta__bg elementor-bg\" style=\"background-image: url(https:\/\/bratdoll.com\/wp-content\/uploads\/2024\/04\/redirect-1.jpg);\" role=\"img\" aria-label=\"preusmjeravanje.jpg\"><\/div>\n<div class=\"elementor-cta__bg-overlay\"><\/div>\n<\/p><\/div>\n<div class=\"elementor-cta__content\">\n<h2 class=\"elementor-cta__title elementor-cta__content-item elementor-content-item elementor-animated-item--grow\">\n\t\t\t\t\t\t2500+ malih mini seks lutaka <\/br>sexdollxxx .com\t\t\t\t\t<\/h2>\n<div class=\"elementor-cta__description elementor-cta__content-item elementor-content-item elementor-animated-item--grow\">\n\t\t\t\t\t\t40cm, 60cm, 80cm, 100cm, 120cm, 140cm\t\t\t\t\t<\/div>\n<div class=\"elementor-cta__button-wrapper elementor-cta__content-item elementor-content-item elementor-animated-item--grow\">\n\t\t\t\t\t<span class=\"elementor-cta__button elementor-button elementor-size-md\"><br \/>\n\t\t\t\t\t\tKupite sada\t\t\t\t\t<\/span>\n\t\t\t\t\t<\/div>\n<\/p><\/div>\n<p>\t\t\t\t\t\t<\/a>\n\t\t\t\t<\/div>\n<\/p><\/div>\n<\/p><\/div>\n<\/p><\/div>\n<\/p><\/div>\n<\/p><\/div>\n<\/p><\/div>","protected":false},"featured_media":15950,"comment_status":"closed","ping_status":"closed","template":"","meta":[],"product_cat":[781,776,777],"product_tag":[],"aioseo_notices":[],"_links":{"self":[{"href":"https:\/\/bratdoll.com\/hr\/wp-json\/wp\/v2\/product\/20099"}],"collection":[{"href":"https:\/\/bratdoll.com\/hr\/wp-json\/wp\/v2\/product"}],"about":[{"href":"https:\/\/bratdoll.com\/hr\/wp-json\/wp\/v2\/types\/product"}],"replies":[{"embeddable":true,"href":"https:\/\/bratdoll.com\/hr\/wp-json\/wp\/v2\/comments?post=20099"}],"version-history":[{"count":2,"href":"https:\/\/bratdoll.com\/hr\/wp-json\/wp\/v2\/product\/20099\/revisions"}],"predecessor-version":[{"id":21732,"href":"https:\/\/bratdoll.com\/hr\/wp-json\/wp\/v2\/product\/20099\/revisions\/21732"}],"wp:featuredmedia":[{"embeddable":true,"href":"https:\/\/bratdoll.com\/hr\/wp-json\/wp\/v2\/media\/15950"}],"wp:attachment":[{"href":"https:\/\/bratdoll.com\/hr\/wp-json\/wp\/v2\/media?parent=20099"}],"wp:term":[{"taxonomy":"product_cat","embeddable":true,"href":"https:\/\/bratdoll.com\/hr\/wp-json\/wp\/v2\/product_cat?post=20099"},{"taxonomy":"product_tag","embeddable":true,"href":"https:\/\/bratdoll.com\/hr\/wp-json\/wp\/v2\/product_tag?post=20099"}],"curies":[{"name":"wp","href":"https:\/\/api.w.org\/{rel}","templated":true}]}}