{"id":20405,"date":"2024-04-22T12:31:01","date_gmt":"2024-04-22T12:31:01","guid":{"rendered":"https:\/\/aimdoll.com\/product\/petite-100cm-sex-doll-youtube-models\/"},"modified":"2024-05-15T08:18:17","modified_gmt":"2024-05-15T08:18:17","slug":"petite-100cm-sex-doll-youtube-models","status":"publish","type":"product","link":"https:\/\/bratdoll.com\/hr\/product\/petite-100cm-sex-lutke-youtube-modeli\/","title":{"rendered":"Mala seks lutka od 100 cm YouTube modeli"},"content":{"rendered":"<p>U\u017eivajte u najboljem osje\u0107aju uz na\u0161u vrhunsku malu seksualnu igra\u010dku \u2013 malu lutku od 100 cm! Ovi dizajni tinejd\u017eerskih seks lutaka neophodni su svima koji u\u017eivaju u igra\u010dkama za silovanje gole djece. Ovaj mali dje\u010dak visok je samo 100 cm i izgleda kao lutka. Iako je malen, dru\u017eenje s njim pru\u017ea mi svu sre\u0107u koju trebam.<\/p>\n<p>Ova mala, detaljno izra\u0111ena seks lutka iz TPE-a zadovoljit \u0107e va\u0161u sna\u017enu \u017eelju za aqua teen bez \u017ertvovanja kvalitete ili dugotrajne snage. Seks lutka od 176 cm ima dobro dizajnirano tijelo koje izgleda kao obline i crte svih ljudi. To\u010dno ih kopira. Meka tekstura mlade krpene ko\u017ee i detaljne crte lica \u010dine je te\u0161ko razlikovati od stvarne osobe.<\/p>\n<p>Zglobovi su vrlo savitljivi \u0161to zna\u010di da je mo\u017eete bez problema staviti u razli\u010dite seksi polo\u017eaje. Tako\u0111er joj mo\u017eete obu\u0107i otmjenu odje\u0107u ili kostime prema tome kako se osje\u0107ate i svojoj ma\u0161ti.<\/p>\n<p>&nbsp;<\/p>\n\t\t<div data-elementor-type=\"section\" data-elementor-id=\"15956\" class=\"elementor elementor-15956\" data-elementor-post-type=\"elementor_library\">\n\t\t\t<div class=\"wd-negative-gap elementor-element elementor-element-e744d45 e-flex e-con-boxed e-con e-parent\" data-id=\"e744d45\" data-element_type=\"container\">\n\t\t\t\t\t<div class=\"e-con-inner\">\n\t\t<div class=\"wd-negative-gap elementor-element elementor-element-2abc4734 e-flex e-con-boxed e-con e-child\" data-id=\"2abc4734\" data-element_type=\"container\">\n\t\t\t\t\t<div class=\"e-con-inner\">\n\t\t<div class=\"wd-negative-gap elementor-element elementor-element-e4e90d0 e-flex e-con-boxed e-con e-child\" data-id=\"e4e90d0\" data-element_type=\"container\">\n\t\t\t\t\t<div class=\"e-con-inner\">\n\t\t\t\t<div class=\"elementor-element elementor-element-2191b1a4 elementor-cta--skin-cover elementor-animated-content elementor-bg-transform elementor-bg-transform-zoom-in elementor-widget elementor-widget-call-to-action\" data-id=\"2191b1a4\" data-element_type=\"widget\" data-widget_type=\"call-to-action.default\">\n\t\t\t\t<div class=\"elementor-widget-container\">\n\t\t\t\t\t<a class=\"elementor-cta\" href=\"https:\/\/bratdoll.com\/hr\/slike-seks-lutaka\/\">\n\t\t\t\t\t<div class=\"elementor-cta__bg-wrapper\">\n\t\t\t\t<div class=\"elementor-cta__bg elementor-bg\" style=\"background-image: url(https:\/\/bratdoll.com\/wp-content\/uploads\/2024\/04\/redirect.jpg);\" role=\"img\" aria-label=\"preusmjeriti\"><\/div>\n\t\t\t\t<div class=\"elementor-cta__bg-overlay\"><\/div>\n\t\t\t<\/div>\n\t\t\t\t\t\t\t<div class=\"elementor-cta__content\">\n\t\t\t\t\n\t\t\t\t\t\t\t\t\t<h2 class=\"elementor-cta__title elementor-cta__content-item elementor-content-item elementor-animated-item--grow\">\n\t\t\t\t\t\t2500+ malih mini seks lutaka <\/br>sexdollxxx .com\t\t\t\t\t<\/h2>\n\t\t\t\t\n\t\t\t\t\t\t\t\t\t<div class=\"elementor-cta__description elementor-cta__content-item elementor-content-item elementor-animated-item--grow\">\n\t\t\t\t\t\t40cm, 60cm, 80cm, 100cm, 120cm, 140cm\t\t\t\t\t<\/div>\n\t\t\t\t\n\t\t\t\t\t\t\t\t\t<div class=\"elementor-cta__button-wrapper elementor-cta__content-item elementor-content-item elementor-animated-item--grow\">\n\t\t\t\t\t<span class=\"elementor-cta__button elementor-button elementor-size-md\">\n\t\t\t\t\t\tKupite sada\t\t\t\t\t<\/span>\n\t\t\t\t\t<\/div>\n\t\t\t\t\t\t\t<\/div>\n\t\t\t\t\t\t<\/a>\n\t\t\t\t<\/div>\n\t\t\t\t<\/div>\n\t\t\t\t\t<\/div>\n\t\t\t\t<\/div>\n\t\t\t\t\t<\/div>\n\t\t\t\t<\/div>\n\t\t\t\t\t<\/div>\n\t\t\t\t<\/div>\n\t\t\t\t<\/div>","protected":false},"excerpt":{"rendered":"<div data-elementor-type=\"section\" data-elementor-id=\"15952\" class=\"elementor elementor-15952\" data-elementor-post-type=\"elementor_library\">\n<div class=\"wd-negative-gap elementor-element elementor-element-49f97e26 e-flex e-con-boxed e-con e-parent\" data-id=\"49f97e26\" data-element_type=\"container\">\n<div class=\"e-con-inner\">\n<div class=\"wd-negative-gap elementor-element elementor-element-449b9556 e-flex e-con-boxed e-con e-child\" data-id=\"449b9556\" data-element_type=\"container\">\n<div class=\"e-con-inner\">\n<div class=\"elementor-element elementor-element-613a7c10 elementor-cta--skin-cover elementor-animated-content elementor-bg-transform elementor-bg-transform-zoom-in elementor-widget elementor-widget-call-to-action\" data-id=\"613a7c10\" data-element_type=\"widget\" data-widget_type=\"call-to-action.default\">\n<div class=\"elementor-widget-container\">\n\t\t\t<link rel=\"stylesheet\" href=\"https:\/\/bratdoll.com\/wp-content\/uploads\/elementor\/css\/custom-pro-widget-call-to-action.min.css?ver=1716435301\">\t\t<a class=\"elementor-cta\" href=\"https:\/\/bratdoll.com\/hr\/slike-seks-lutaka\/\"><\/p>\n<div class=\"elementor-cta__bg-wrapper\">\n<div class=\"elementor-cta__bg elementor-bg\" style=\"background-image: url(https:\/\/bratdoll.com\/wp-content\/uploads\/2024\/04\/redirect-1.jpg);\" role=\"img\" aria-label=\"preusmjeravanje.jpg\"><\/div>\n<div class=\"elementor-cta__bg-overlay\"><\/div>\n<\/p><\/div>\n<div class=\"elementor-cta__content\">\n<h2 class=\"elementor-cta__title elementor-cta__content-item elementor-content-item elementor-animated-item--grow\">\n\t\t\t\t\t\t2500+ malih mini seks lutaka <\/br>sexdollxxx .com\t\t\t\t\t<\/h2>\n<div class=\"elementor-cta__description elementor-cta__content-item elementor-content-item elementor-animated-item--grow\">\n\t\t\t\t\t\t40cm, 60cm, 80cm, 100cm, 120cm, 140cm\t\t\t\t\t<\/div>\n<div class=\"elementor-cta__button-wrapper elementor-cta__content-item elementor-content-item elementor-animated-item--grow\">\n\t\t\t\t\t<span class=\"elementor-cta__button elementor-button elementor-size-md\"><br \/>\n\t\t\t\t\t\tKupite sada\t\t\t\t\t<\/span>\n\t\t\t\t\t<\/div>\n<\/p><\/div>\n<p>\t\t\t\t\t\t<\/a>\n\t\t\t\t<\/div>\n<\/p><\/div>\n<\/p><\/div>\n<\/p><\/div>\n<\/p><\/div>\n<\/p><\/div>\n<\/p><\/div>","protected":false},"featured_media":15950,"comment_status":"closed","ping_status":"closed","template":"","meta":[],"product_cat":[767,768,769],"product_tag":[],"aioseo_notices":[],"_links":{"self":[{"href":"https:\/\/bratdoll.com\/hr\/wp-json\/wp\/v2\/product\/20405"}],"collection":[{"href":"https:\/\/bratdoll.com\/hr\/wp-json\/wp\/v2\/product"}],"about":[{"href":"https:\/\/bratdoll.com\/hr\/wp-json\/wp\/v2\/types\/product"}],"replies":[{"embeddable":true,"href":"https:\/\/bratdoll.com\/hr\/wp-json\/wp\/v2\/comments?post=20405"}],"version-history":[{"count":1,"href":"https:\/\/bratdoll.com\/hr\/wp-json\/wp\/v2\/product\/20405\/revisions"}],"predecessor-version":[{"id":20406,"href":"https:\/\/bratdoll.com\/hr\/wp-json\/wp\/v2\/product\/20405\/revisions\/20406"}],"wp:featuredmedia":[{"embeddable":true,"href":"https:\/\/bratdoll.com\/hr\/wp-json\/wp\/v2\/media\/15950"}],"wp:attachment":[{"href":"https:\/\/bratdoll.com\/hr\/wp-json\/wp\/v2\/media?parent=20405"}],"wp:term":[{"taxonomy":"product_cat","embeddable":true,"href":"https:\/\/bratdoll.com\/hr\/wp-json\/wp\/v2\/product_cat?post=20405"},{"taxonomy":"product_tag","embeddable":true,"href":"https:\/\/bratdoll.com\/hr\/wp-json\/wp\/v2\/product_tag?post=20405"}],"curies":[{"name":"wp","href":"https:\/\/api.w.org\/{rel}","templated":true}]}}