{"id":20673,"date":"2024-04-22T12:31:28","date_gmt":"2024-04-22T12:31:28","guid":{"rendered":"https:\/\/aimdoll.com\/product\/150-cm-sex-doll-ass-xxx-miniature-real-doll\/"},"modified":"2024-05-06T06:55:25","modified_gmt":"2024-05-06T06:55:25","slug":"150-cm-sex-doll-ass-xxx-miniature-real-doll","status":"publish","type":"product","link":"https:\/\/bratdoll.com\/hr\/product\/150-cm-lutka-za-seks-dupe-xxx-minijaturna-prava-lutka\/","title":{"rendered":"150 cm Seks lutka dupe xxx minijaturna prava lutka"},"content":{"rendered":"<p>Upoznajte najboljeg prijatelja ikada za ljude koji \u017eele stvarno nevjerojatan i nezaboravan provod \u2013 Mini Real Doll French! Ova ljupka seks lutka visoka 165 cm na Amazonu napravljena je od izvrsnih materijala. Pru\u017ea vam vrlo realisti\u010dno iskustvo u usporedbi s njegovim cjenovnim razredom ili vrstom igra\u010dke.<\/p>\n<p>&nbsp;<\/p>\n<p>Njezino lijepo lice i meka ko\u017ea detaljni su poput ru\u010dno oslikanih noktiju. Imaju i posebne implantate za kosu koji je \u010dine savr\u0161enom. Ova mala francuska ljepotica vrlo je dobro napravljena od glave do pete. Mo\u017ee se postaviti kako god \u017eelite, jer se svi njezini zglobovi mogu pomicati. To ga \u010dini zaista ugodnim za sve. U\u017eivajte u svojim najve\u0107im snovima s na\u0161om pametno napravljenom malom stvarnom lutkom od koje \u0107ete svaki put ostati bez daha.<\/p>\n<p>&nbsp;<\/p>\n\t\t<div data-elementor-type=\"section\" data-elementor-id=\"15956\" class=\"elementor elementor-15956\" data-elementor-post-type=\"elementor_library\">\n\t\t\t<div class=\"wd-negative-gap elementor-element elementor-element-e744d45 e-flex e-con-boxed e-con e-parent\" data-id=\"e744d45\" data-element_type=\"container\">\n\t\t\t\t\t<div class=\"e-con-inner\">\n\t\t<div class=\"wd-negative-gap elementor-element elementor-element-2abc4734 e-flex e-con-boxed e-con e-child\" data-id=\"2abc4734\" data-element_type=\"container\">\n\t\t\t\t\t<div class=\"e-con-inner\">\n\t\t<div class=\"wd-negative-gap elementor-element elementor-element-e4e90d0 e-flex e-con-boxed e-con e-child\" data-id=\"e4e90d0\" data-element_type=\"container\">\n\t\t\t\t\t<div class=\"e-con-inner\">\n\t\t\t\t<div class=\"elementor-element elementor-element-2191b1a4 elementor-cta--skin-cover elementor-animated-content elementor-bg-transform elementor-bg-transform-zoom-in elementor-widget elementor-widget-call-to-action\" data-id=\"2191b1a4\" data-element_type=\"widget\" data-widget_type=\"call-to-action.default\">\n\t\t\t\t<div class=\"elementor-widget-container\">\n\t\t\t\t\t<a class=\"elementor-cta\" href=\"https:\/\/bratdoll.com\/hr\/slike-seks-lutaka\/\">\n\t\t\t\t\t<div class=\"elementor-cta__bg-wrapper\">\n\t\t\t\t<div class=\"elementor-cta__bg elementor-bg\" style=\"background-image: url(https:\/\/bratdoll.com\/wp-content\/uploads\/2024\/04\/redirect.jpg);\" role=\"img\" aria-label=\"preusmjeriti\"><\/div>\n\t\t\t\t<div class=\"elementor-cta__bg-overlay\"><\/div>\n\t\t\t<\/div>\n\t\t\t\t\t\t\t<div class=\"elementor-cta__content\">\n\t\t\t\t\n\t\t\t\t\t\t\t\t\t<h2 class=\"elementor-cta__title elementor-cta__content-item elementor-content-item elementor-animated-item--grow\">\n\t\t\t\t\t\t2500+ malih mini seks lutaka <\/br>sexdollxxx .com\t\t\t\t\t<\/h2>\n\t\t\t\t\n\t\t\t\t\t\t\t\t\t<div class=\"elementor-cta__description elementor-cta__content-item elementor-content-item elementor-animated-item--grow\">\n\t\t\t\t\t\t40cm, 60cm, 80cm, 100cm, 120cm, 140cm\t\t\t\t\t<\/div>\n\t\t\t\t\n\t\t\t\t\t\t\t\t\t<div class=\"elementor-cta__button-wrapper elementor-cta__content-item elementor-content-item elementor-animated-item--grow\">\n\t\t\t\t\t<span class=\"elementor-cta__button elementor-button elementor-size-md\">\n\t\t\t\t\t\tKupite sada\t\t\t\t\t<\/span>\n\t\t\t\t\t<\/div>\n\t\t\t\t\t\t\t<\/div>\n\t\t\t\t\t\t<\/a>\n\t\t\t\t<\/div>\n\t\t\t\t<\/div>\n\t\t\t\t\t<\/div>\n\t\t\t\t<\/div>\n\t\t\t\t\t<\/div>\n\t\t\t\t<\/div>\n\t\t\t\t\t<\/div>\n\t\t\t\t<\/div>\n\t\t\t\t<\/div>","protected":false},"excerpt":{"rendered":"<div data-elementor-type=\"section\" data-elementor-id=\"15952\" class=\"elementor elementor-15952\" data-elementor-post-type=\"elementor_library\">\n<div class=\"wd-negative-gap elementor-element elementor-element-49f97e26 e-flex e-con-boxed e-con e-parent\" data-id=\"49f97e26\" data-element_type=\"container\">\n<div class=\"e-con-inner\">\n<div class=\"wd-negative-gap elementor-element elementor-element-449b9556 e-flex e-con-boxed e-con e-child\" data-id=\"449b9556\" data-element_type=\"container\">\n<div class=\"e-con-inner\">\n<div class=\"elementor-element elementor-element-613a7c10 elementor-cta--skin-cover elementor-animated-content elementor-bg-transform elementor-bg-transform-zoom-in elementor-widget elementor-widget-call-to-action\" data-id=\"613a7c10\" data-element_type=\"widget\" data-widget_type=\"call-to-action.default\">\n<div class=\"elementor-widget-container\">\n\t\t\t<link rel=\"stylesheet\" href=\"https:\/\/bratdoll.com\/wp-content\/uploads\/elementor\/css\/custom-pro-widget-call-to-action.min.css?ver=1716435301\">\t\t<a class=\"elementor-cta\" href=\"https:\/\/bratdoll.com\/hr\/slike-seks-lutaka\/\"><\/p>\n<div class=\"elementor-cta__bg-wrapper\">\n<div class=\"elementor-cta__bg elementor-bg\" style=\"background-image: url(https:\/\/bratdoll.com\/wp-content\/uploads\/2024\/04\/redirect-1.jpg);\" role=\"img\" aria-label=\"preusmjeravanje.jpg\"><\/div>\n<div class=\"elementor-cta__bg-overlay\"><\/div>\n<\/p><\/div>\n<div class=\"elementor-cta__content\">\n<h2 class=\"elementor-cta__title elementor-cta__content-item elementor-content-item elementor-animated-item--grow\">\n\t\t\t\t\t\t2500+ malih mini seks lutaka <\/br>sexdollxxx .com\t\t\t\t\t<\/h2>\n<div class=\"elementor-cta__description elementor-cta__content-item elementor-content-item elementor-animated-item--grow\">\n\t\t\t\t\t\t40cm, 60cm, 80cm, 100cm, 120cm, 140cm\t\t\t\t\t<\/div>\n<div class=\"elementor-cta__button-wrapper elementor-cta__content-item elementor-content-item elementor-animated-item--grow\">\n\t\t\t\t\t<span class=\"elementor-cta__button elementor-button elementor-size-md\"><br \/>\n\t\t\t\t\t\tKupite sada\t\t\t\t\t<\/span>\n\t\t\t\t\t<\/div>\n<\/p><\/div>\n<p>\t\t\t\t\t\t<\/a>\n\t\t\t\t<\/div>\n<\/p><\/div>\n<\/p><\/div>\n<\/p><\/div>\n<\/p><\/div>\n<\/p><\/div>\n<\/p><\/div>","protected":false},"featured_media":15950,"comment_status":"closed","ping_status":"closed","template":"","meta":[],"product_cat":[792,786,787],"product_tag":[],"aioseo_notices":[],"_links":{"self":[{"href":"https:\/\/bratdoll.com\/hr\/wp-json\/wp\/v2\/product\/20673"}],"collection":[{"href":"https:\/\/bratdoll.com\/hr\/wp-json\/wp\/v2\/product"}],"about":[{"href":"https:\/\/bratdoll.com\/hr\/wp-json\/wp\/v2\/types\/product"}],"replies":[{"embeddable":true,"href":"https:\/\/bratdoll.com\/hr\/wp-json\/wp\/v2\/comments?post=20673"}],"version-history":[{"count":1,"href":"https:\/\/bratdoll.com\/hr\/wp-json\/wp\/v2\/product\/20673\/revisions"}],"predecessor-version":[{"id":20674,"href":"https:\/\/bratdoll.com\/hr\/wp-json\/wp\/v2\/product\/20673\/revisions\/20674"}],"wp:featuredmedia":[{"embeddable":true,"href":"https:\/\/bratdoll.com\/hr\/wp-json\/wp\/v2\/media\/15950"}],"wp:attachment":[{"href":"https:\/\/bratdoll.com\/hr\/wp-json\/wp\/v2\/media?parent=20673"}],"wp:term":[{"taxonomy":"product_cat","embeddable":true,"href":"https:\/\/bratdoll.com\/hr\/wp-json\/wp\/v2\/product_cat?post=20673"},{"taxonomy":"product_tag","embeddable":true,"href":"https:\/\/bratdoll.com\/hr\/wp-json\/wp\/v2\/product_tag?post=20673"}],"curies":[{"name":"wp","href":"https:\/\/api.w.org\/{rel}","templated":true}]}}