{"id":20749,"date":"2024-04-22T12:31:37","date_gmt":"2024-04-22T12:31:37","guid":{"rendered":"https:\/\/aimdoll.com\/product\/80-cm-small-japanese-oony-hentai-sex-doll\/"},"modified":"2024-05-14T08:02:31","modified_gmt":"2024-05-14T08:02:31","slug":"80-cm-small-japanese-oony-hentai-sex-doll","status":"publish","type":"product","link":"https:\/\/bratdoll.com\/hr\/product\/80-cm-mala-japanska-oony-hentai-seks-lutka\/","title":{"rendered":"Mala japanska Oony Hentai seks lutka od 80 cm"},"content":{"rendered":"<p>Ljudsko tijelo prepoznaje kada se zasitilo. Kad jebe\u0161 mladu seks lutku, tvoji \u017eivci ispunjavaju njezinu macu pru\u017eaju\u0107i ti zadovoljstvo. Slobodni ste hrabro istra\u017eivati seksualne \u017eelje i fantazije s mini lutkom za seks Anima. Mini hentai lutka za seks dolazi sa seksi donjim rubljem koje vam pru\u017ea potpuni pogled na njezinu seksi imovinu \u0161to vas jako uzbu\u0111uje.<\/p>\n<p>&nbsp;<\/p>\n<p>Stan za lutku za ljubav ima umetke za seks lutku od 100 cm koji se mogu ukloniti. Mo\u017eete prakticirati i homoseksualni i lezbijski seks bilo kada. Nabavka lutke za seks na napuhavanje Loli daje vam sredstva da odjurite na seksi odmor. Dokaz da radite sjajan posao je tinejd\u017eerica koju \u0161ake dr\u017ee seks lutke i vibriraju\u0107i zvukovi.<\/p>\n<p>&nbsp;<\/p>\n<p>Pri pogledu na malu japansku seks lutku 80 cm va\u0161 se kurac nekontrolirano trzne. Ne prestaje\u0161 dok ne postigne\u0161 svoj put s mojom malom oony sex lutkom.<\/p>\n<p>&nbsp;<\/p>\n<p>&nbsp;<\/p>\n\t\t<div data-elementor-type=\"section\" data-elementor-id=\"15956\" class=\"elementor elementor-15956\" data-elementor-post-type=\"elementor_library\">\n\t\t\t<div class=\"wd-negative-gap elementor-element elementor-element-e744d45 e-flex e-con-boxed e-con e-parent\" data-id=\"e744d45\" data-element_type=\"container\">\n\t\t\t\t\t<div class=\"e-con-inner\">\n\t\t<div class=\"wd-negative-gap elementor-element elementor-element-2abc4734 e-flex e-con-boxed e-con e-child\" data-id=\"2abc4734\" data-element_type=\"container\">\n\t\t\t\t\t<div class=\"e-con-inner\">\n\t\t<div class=\"wd-negative-gap elementor-element elementor-element-e4e90d0 e-flex e-con-boxed e-con e-child\" data-id=\"e4e90d0\" data-element_type=\"container\">\n\t\t\t\t\t<div class=\"e-con-inner\">\n\t\t\t\t<div class=\"elementor-element elementor-element-2191b1a4 elementor-cta--skin-cover elementor-animated-content elementor-bg-transform elementor-bg-transform-zoom-in elementor-widget elementor-widget-call-to-action\" data-id=\"2191b1a4\" data-element_type=\"widget\" data-widget_type=\"call-to-action.default\">\n\t\t\t\t<div class=\"elementor-widget-container\">\n\t\t\t\t\t<a class=\"elementor-cta\" href=\"https:\/\/bratdoll.com\/hr\/slike-seks-lutaka\/\">\n\t\t\t\t\t<div class=\"elementor-cta__bg-wrapper\">\n\t\t\t\t<div class=\"elementor-cta__bg elementor-bg\" style=\"background-image: url(https:\/\/bratdoll.com\/wp-content\/uploads\/2024\/04\/redirect.jpg);\" role=\"img\" aria-label=\"preusmjeriti\"><\/div>\n\t\t\t\t<div class=\"elementor-cta__bg-overlay\"><\/div>\n\t\t\t<\/div>\n\t\t\t\t\t\t\t<div class=\"elementor-cta__content\">\n\t\t\t\t\n\t\t\t\t\t\t\t\t\t<h2 class=\"elementor-cta__title elementor-cta__content-item elementor-content-item elementor-animated-item--grow\">\n\t\t\t\t\t\t2500+ malih mini seks lutaka <\/br>sexdollxxx .com\t\t\t\t\t<\/h2>\n\t\t\t\t\n\t\t\t\t\t\t\t\t\t<div class=\"elementor-cta__description elementor-cta__content-item elementor-content-item elementor-animated-item--grow\">\n\t\t\t\t\t\t40cm, 60cm, 80cm, 100cm, 120cm, 140cm\t\t\t\t\t<\/div>\n\t\t\t\t\n\t\t\t\t\t\t\t\t\t<div class=\"elementor-cta__button-wrapper elementor-cta__content-item elementor-content-item elementor-animated-item--grow\">\n\t\t\t\t\t<span class=\"elementor-cta__button elementor-button elementor-size-md\">\n\t\t\t\t\t\tKupite sada\t\t\t\t\t<\/span>\n\t\t\t\t\t<\/div>\n\t\t\t\t\t\t\t<\/div>\n\t\t\t\t\t\t<\/a>\n\t\t\t\t<\/div>\n\t\t\t\t<\/div>\n\t\t\t\t\t<\/div>\n\t\t\t\t<\/div>\n\t\t\t\t\t<\/div>\n\t\t\t\t<\/div>\n\t\t\t\t\t<\/div>\n\t\t\t\t<\/div>\n\t\t\t\t<\/div>","protected":false},"excerpt":{"rendered":"<div data-elementor-type=\"section\" data-elementor-id=\"15952\" class=\"elementor elementor-15952\" data-elementor-post-type=\"elementor_library\">\n<div class=\"wd-negative-gap elementor-element elementor-element-49f97e26 e-flex e-con-boxed e-con e-parent\" data-id=\"49f97e26\" data-element_type=\"container\">\n<div class=\"e-con-inner\">\n<div class=\"wd-negative-gap elementor-element elementor-element-449b9556 e-flex e-con-boxed e-con e-child\" data-id=\"449b9556\" data-element_type=\"container\">\n<div class=\"e-con-inner\">\n<div class=\"elementor-element elementor-element-613a7c10 elementor-cta--skin-cover elementor-animated-content elementor-bg-transform elementor-bg-transform-zoom-in elementor-widget elementor-widget-call-to-action\" data-id=\"613a7c10\" data-element_type=\"widget\" data-widget_type=\"call-to-action.default\">\n<div class=\"elementor-widget-container\">\n\t\t\t<link rel=\"stylesheet\" href=\"https:\/\/bratdoll.com\/wp-content\/uploads\/elementor\/css\/custom-pro-widget-call-to-action.min.css?ver=1716435301\">\t\t<a class=\"elementor-cta\" href=\"https:\/\/bratdoll.com\/hr\/slike-seks-lutaka\/\"><\/p>\n<div class=\"elementor-cta__bg-wrapper\">\n<div class=\"elementor-cta__bg elementor-bg\" style=\"background-image: url(https:\/\/bratdoll.com\/wp-content\/uploads\/2024\/04\/redirect-1.jpg);\" role=\"img\" aria-label=\"preusmjeravanje.jpg\"><\/div>\n<div class=\"elementor-cta__bg-overlay\"><\/div>\n<\/p><\/div>\n<div class=\"elementor-cta__content\">\n<h2 class=\"elementor-cta__title elementor-cta__content-item elementor-content-item elementor-animated-item--grow\">\n\t\t\t\t\t\t2500+ malih mini seks lutaka <\/br>sexdollxxx .com\t\t\t\t\t<\/h2>\n<div class=\"elementor-cta__description elementor-cta__content-item elementor-content-item elementor-animated-item--grow\">\n\t\t\t\t\t\t40cm, 60cm, 80cm, 100cm, 120cm, 140cm\t\t\t\t\t<\/div>\n<div class=\"elementor-cta__button-wrapper elementor-cta__content-item elementor-content-item elementor-animated-item--grow\">\n\t\t\t\t\t<span class=\"elementor-cta__button elementor-button elementor-size-md\"><br \/>\n\t\t\t\t\t\tKupite sada\t\t\t\t\t<\/span>\n\t\t\t\t\t<\/div>\n<\/p><\/div>\n<p>\t\t\t\t\t\t<\/a>\n\t\t\t\t<\/div>\n<\/p><\/div>\n<\/p><\/div>\n<\/p><\/div>\n<\/p><\/div>\n<\/p><\/div>\n<\/p><\/div>","protected":false},"featured_media":15950,"comment_status":"closed","ping_status":"closed","template":"","meta":[],"product_cat":[800,761,762],"product_tag":[],"aioseo_notices":[],"_links":{"self":[{"href":"https:\/\/bratdoll.com\/hr\/wp-json\/wp\/v2\/product\/20749"}],"collection":[{"href":"https:\/\/bratdoll.com\/hr\/wp-json\/wp\/v2\/product"}],"about":[{"href":"https:\/\/bratdoll.com\/hr\/wp-json\/wp\/v2\/types\/product"}],"replies":[{"embeddable":true,"href":"https:\/\/bratdoll.com\/hr\/wp-json\/wp\/v2\/comments?post=20749"}],"version-history":[{"count":1,"href":"https:\/\/bratdoll.com\/hr\/wp-json\/wp\/v2\/product\/20749\/revisions"}],"predecessor-version":[{"id":20750,"href":"https:\/\/bratdoll.com\/hr\/wp-json\/wp\/v2\/product\/20749\/revisions\/20750"}],"wp:featuredmedia":[{"embeddable":true,"href":"https:\/\/bratdoll.com\/hr\/wp-json\/wp\/v2\/media\/15950"}],"wp:attachment":[{"href":"https:\/\/bratdoll.com\/hr\/wp-json\/wp\/v2\/media?parent=20749"}],"wp:term":[{"taxonomy":"product_cat","embeddable":true,"href":"https:\/\/bratdoll.com\/hr\/wp-json\/wp\/v2\/product_cat?post=20749"},{"taxonomy":"product_tag","embeddable":true,"href":"https:\/\/bratdoll.com\/hr\/wp-json\/wp\/v2\/product_tag?post=20749"}],"curies":[{"name":"wp","href":"https:\/\/api.w.org\/{rel}","templated":true}]}}