{"id":20873,"date":"2024-04-22T12:31:48","date_gmt":"2024-04-22T12:31:48","guid":{"rendered":"https:\/\/aimdoll.com\/product\/cheapest-152-cm-silicone-sex-doll-small-boobs\/"},"modified":"2024-05-06T08:20:00","modified_gmt":"2024-05-06T08:20:00","slug":"cheapest-152-cm-silicone-sex-doll-small-boobs","status":"publish","type":"product","link":"https:\/\/bratdoll.com\/hr\/product\/najjeftinija-silikonska-seks-lutka-male-grudi-od-152-cm\/","title":{"rendered":"Najjeftinija silikonska seks lutka male sise od 152 cm"},"content":{"rendered":"<p>Najjeftinija silikonska seks lutka od 152 cm na svijetu nalazi se upravo u na\u0161oj online trgovini seksom. Ljepota silikona na Fisher Price maloj mami mojoj vrlo pravoj bebi lutki daje joj ljudski sjaj. Dje\u010dja seks igra\u010dka lutka \u0161tedi tro\u0161kove bordela.<\/p>\n<p>&nbsp;<\/p>\n<p>Pokreti usavr\u0161eni sa silikonskom seks lutkom od 65 cm mogu se isprobati na ljudskoj \u017eenki. S seks lutkom od 169 cm mo\u017eete pove\u0107ati samopouzdanje u svoje jebene sposobnosti. Mo\u017eete imati onoliko lutaka koliko \u017eelite, uklju\u010duju\u0107i tumblr seks lutku Loli. Tumblr zbirka realisti\u010dnih loli seks lutaka nikad nikoga nije povrijedila.<\/p>\n<p>&nbsp;<\/p>\n<p>Ne \u017eelite zaglaviti s premalom rupom ljubavne lutke? Navedite svoje omiljene detalje prije nego \u0161to naru\u010dite malu seks lutku s malim prsima od 100 cm. Male sise lutke za seks jo\u0161 su jedno sredstvo za seksualno ispunjenje. Seks lutka Loli djevojka koja te jebe s ravnim grudima brzo \u0107e te dovesti pred vrata ejakulacije.<\/p>\n<p>&nbsp;<\/p>\n\t\t<div data-elementor-type=\"section\" data-elementor-id=\"15956\" class=\"elementor elementor-15956\" data-elementor-post-type=\"elementor_library\">\n\t\t\t<div class=\"wd-negative-gap elementor-element elementor-element-e744d45 e-flex e-con-boxed e-con e-parent\" data-id=\"e744d45\" data-element_type=\"container\">\n\t\t\t\t\t<div class=\"e-con-inner\">\n\t\t<div class=\"wd-negative-gap elementor-element elementor-element-2abc4734 e-flex e-con-boxed e-con e-child\" data-id=\"2abc4734\" data-element_type=\"container\">\n\t\t\t\t\t<div class=\"e-con-inner\">\n\t\t<div class=\"wd-negative-gap elementor-element elementor-element-e4e90d0 e-flex e-con-boxed e-con e-child\" data-id=\"e4e90d0\" data-element_type=\"container\">\n\t\t\t\t\t<div class=\"e-con-inner\">\n\t\t\t\t<div class=\"elementor-element elementor-element-2191b1a4 elementor-cta--skin-cover elementor-animated-content elementor-bg-transform elementor-bg-transform-zoom-in elementor-widget elementor-widget-call-to-action\" data-id=\"2191b1a4\" data-element_type=\"widget\" data-widget_type=\"call-to-action.default\">\n\t\t\t\t<div class=\"elementor-widget-container\">\n\t\t\t\t\t<a class=\"elementor-cta\" href=\"https:\/\/bratdoll.com\/hr\/slike-seks-lutaka\/\">\n\t\t\t\t\t<div class=\"elementor-cta__bg-wrapper\">\n\t\t\t\t<div class=\"elementor-cta__bg elementor-bg\" style=\"background-image: url(https:\/\/bratdoll.com\/wp-content\/uploads\/2024\/04\/redirect.jpg);\" role=\"img\" aria-label=\"preusmjeriti\"><\/div>\n\t\t\t\t<div class=\"elementor-cta__bg-overlay\"><\/div>\n\t\t\t<\/div>\n\t\t\t\t\t\t\t<div class=\"elementor-cta__content\">\n\t\t\t\t\n\t\t\t\t\t\t\t\t\t<h2 class=\"elementor-cta__title elementor-cta__content-item elementor-content-item elementor-animated-item--grow\">\n\t\t\t\t\t\t2500+ malih mini seks lutaka <\/br>sexdollxxx .com\t\t\t\t\t<\/h2>\n\t\t\t\t\n\t\t\t\t\t\t\t\t\t<div class=\"elementor-cta__description elementor-cta__content-item elementor-content-item elementor-animated-item--grow\">\n\t\t\t\t\t\t40cm, 60cm, 80cm, 100cm, 120cm, 140cm\t\t\t\t\t<\/div>\n\t\t\t\t\n\t\t\t\t\t\t\t\t\t<div class=\"elementor-cta__button-wrapper elementor-cta__content-item elementor-content-item elementor-animated-item--grow\">\n\t\t\t\t\t<span class=\"elementor-cta__button elementor-button elementor-size-md\">\n\t\t\t\t\t\tKupite sada\t\t\t\t\t<\/span>\n\t\t\t\t\t<\/div>\n\t\t\t\t\t\t\t<\/div>\n\t\t\t\t\t\t<\/a>\n\t\t\t\t<\/div>\n\t\t\t\t<\/div>\n\t\t\t\t\t<\/div>\n\t\t\t\t<\/div>\n\t\t\t\t\t<\/div>\n\t\t\t\t<\/div>\n\t\t\t\t\t<\/div>\n\t\t\t\t<\/div>\n\t\t\t\t<\/div>","protected":false},"excerpt":{"rendered":"<div data-elementor-type=\"section\" data-elementor-id=\"15952\" class=\"elementor elementor-15952\" data-elementor-post-type=\"elementor_library\">\n<div class=\"wd-negative-gap elementor-element elementor-element-49f97e26 e-flex e-con-boxed e-con e-parent\" data-id=\"49f97e26\" data-element_type=\"container\">\n<div class=\"e-con-inner\">\n<div class=\"wd-negative-gap elementor-element elementor-element-449b9556 e-flex e-con-boxed e-con e-child\" data-id=\"449b9556\" data-element_type=\"container\">\n<div class=\"e-con-inner\">\n<div class=\"elementor-element elementor-element-613a7c10 elementor-cta--skin-cover elementor-animated-content elementor-bg-transform elementor-bg-transform-zoom-in elementor-widget elementor-widget-call-to-action\" data-id=\"613a7c10\" data-element_type=\"widget\" data-widget_type=\"call-to-action.default\">\n<div class=\"elementor-widget-container\">\n\t\t\t<link rel=\"stylesheet\" href=\"https:\/\/bratdoll.com\/wp-content\/uploads\/elementor\/css\/custom-pro-widget-call-to-action.min.css?ver=1716435301\">\t\t<a class=\"elementor-cta\" href=\"https:\/\/bratdoll.com\/hr\/slike-seks-lutaka\/\"><\/p>\n<div class=\"elementor-cta__bg-wrapper\">\n<div class=\"elementor-cta__bg elementor-bg\" style=\"background-image: url(https:\/\/bratdoll.com\/wp-content\/uploads\/2024\/04\/redirect-1.jpg);\" role=\"img\" aria-label=\"preusmjeravanje.jpg\"><\/div>\n<div class=\"elementor-cta__bg-overlay\"><\/div>\n<\/p><\/div>\n<div class=\"elementor-cta__content\">\n<h2 class=\"elementor-cta__title elementor-cta__content-item elementor-content-item elementor-animated-item--grow\">\n\t\t\t\t\t\t2500+ malih mini seks lutaka <\/br>sexdollxxx .com\t\t\t\t\t<\/h2>\n<div class=\"elementor-cta__description elementor-cta__content-item elementor-content-item elementor-animated-item--grow\">\n\t\t\t\t\t\t40cm, 60cm, 80cm, 100cm, 120cm, 140cm\t\t\t\t\t<\/div>\n<div class=\"elementor-cta__button-wrapper elementor-cta__content-item elementor-content-item elementor-animated-item--grow\">\n\t\t\t\t\t<span class=\"elementor-cta__button elementor-button elementor-size-md\"><br \/>\n\t\t\t\t\t\tKupite sada\t\t\t\t\t<\/span>\n\t\t\t\t\t<\/div>\n<\/p><\/div>\n<p>\t\t\t\t\t\t<\/a>\n\t\t\t\t<\/div>\n<\/p><\/div>\n<\/p><\/div>\n<\/p><\/div>\n<\/p><\/div>\n<\/p><\/div>\n<\/p><\/div>","protected":false},"featured_media":15950,"comment_status":"closed","ping_status":"closed","template":"","meta":[],"product_cat":[797,773,774],"product_tag":[],"aioseo_notices":[],"_links":{"self":[{"href":"https:\/\/bratdoll.com\/hr\/wp-json\/wp\/v2\/product\/20873"}],"collection":[{"href":"https:\/\/bratdoll.com\/hr\/wp-json\/wp\/v2\/product"}],"about":[{"href":"https:\/\/bratdoll.com\/hr\/wp-json\/wp\/v2\/types\/product"}],"replies":[{"embeddable":true,"href":"https:\/\/bratdoll.com\/hr\/wp-json\/wp\/v2\/comments?post=20873"}],"version-history":[{"count":1,"href":"https:\/\/bratdoll.com\/hr\/wp-json\/wp\/v2\/product\/20873\/revisions"}],"predecessor-version":[{"id":20874,"href":"https:\/\/bratdoll.com\/hr\/wp-json\/wp\/v2\/product\/20873\/revisions\/20874"}],"wp:featuredmedia":[{"embeddable":true,"href":"https:\/\/bratdoll.com\/hr\/wp-json\/wp\/v2\/media\/15950"}],"wp:attachment":[{"href":"https:\/\/bratdoll.com\/hr\/wp-json\/wp\/v2\/media?parent=20873"}],"wp:term":[{"taxonomy":"product_cat","embeddable":true,"href":"https:\/\/bratdoll.com\/hr\/wp-json\/wp\/v2\/product_cat?post=20873"},{"taxonomy":"product_tag","embeddable":true,"href":"https:\/\/bratdoll.com\/hr\/wp-json\/wp\/v2\/product_tag?post=20873"}],"curies":[{"name":"wp","href":"https:\/\/api.w.org\/{rel}","templated":true}]}}